{"id":97,"date":"2022-08-21T21:06:54","date_gmt":"2022-08-21T19:06:54","guid":{"rendered":"https:\/\/www.goltech.sk\/de\/?page_id=97"},"modified":"2022-12-13T09:28:46","modified_gmt":"2022-12-13T08:28:46","slug":"ueber-uns","status":"publish","type":"page","link":"https:\/\/www.goltech.sk\/de\/ueber-uns\/","title":{"rendered":"\u00dcber uns"},"content":{"rendered":"\n<div class=\"wp-block-columns are-vertically-aligned-center is-layout-flex wp-container-4\">\n<div class=\"wp-block-column is-vertically-aligned-center is-layout-flow\">\n<div class=\"wp-block-group is-style-decoration__dots--left is-layout-flow\">\n<p class=\"is-style-subtitle\">Wir liefern Ihnen Profis<\/p>\n\n\n\n<h2 class=\"is-style-large wp-block-heading\">F\u00fcr die Durchf\u00fchrung Ihrer Projekte<\/h2>\n\n\n\n<p>Wir sind ein Unternehmen, das seine Beziehungen auf einem soliden Fundament aufbaut. Unser langfristiges Ziel ist die Zufriedenheit unserer Kunden. W\u00e4hrend der gesamten Dauer der Zusammenarbeit sind wir ein gleichwertiger Partner, der es dem Kunden erm\u00f6glicht, dessen Projekte mit einem professionellen Team von Mitarbeitern aus allen Industriebereichen vollwertig zu bearbeiten.<\/p>\n<\/div>\n<\/div>\n\n\n\n<div class=\"wp-block-column is-vertically-aligned-center is-layout-flow\">\n<figure class=\"wp-block-image aligncenter size-full\"><img decoding=\"async\" src=\"https:\/\/www.goltech.sk\/de\/wp-content\/uploads\/sites\/2\/2022\/08\/pracovnici.svg\" alt=\"Arbeitskr\u00e4fte\" class=\"wp-image-121 fy-content__image fy-lazy js-lazy\" data-src=\"https:\/\/www.goltech.sk\/de\/wp-content\/uploads\/sites\/2\/2022\/08\/pracovnici.svg\"><div class=\"fy-image-loading fy-image-loading--skeleton\" aria-hidden=\"true\"><\/div>\n<\/figure>\n<\/div>\n<\/div>\n\n\n\n<div style=\"height:40px\" aria-hidden=\"true\" class=\"wp-block-spacer\"><\/div>\n\n\n\n<div class=\"wp-block-columns is-layout-flex wp-container-10\">\n<div class=\"wp-block-column is-layout-flow\" style=\"flex-basis:30%\">\n<h3 class=\"wp-block-heading\">Auf diesen werten bauen wir die zusammenarbeit mit unseren kunden auf<\/h3>\n<\/div>\n\n\n\n<div class=\"wp-block-column is-layout-flow\">\n<figure class=\"wp-block-image aligncenter size-full\"><img decoding=\"async\" src=\"https:\/\/www.goltech.sk\/de\/wp-content\/uploads\/sites\/2\/2022\/08\/ok.svg\" alt=\"OK\" class=\"wp-image-122 fy-content__image fy-lazy js-lazy\" data-src=\"https:\/\/www.goltech.sk\/de\/wp-content\/uploads\/sites\/2\/2022\/08\/ok.svg\"><div class=\"fy-image-loading fy-image-loading--skeleton\" aria-hidden=\"true\"><\/div>\n<\/figure>\n\n\n\n<p class=\"has-text-align-center is-style-subtitle\">Untadeligkeit<\/p>\n<\/div>\n\n\n\n<div class=\"wp-block-column is-layout-flow\">\n<figure class=\"wp-block-image aligncenter size-full\"><img decoding=\"async\" src=\"https:\/\/www.goltech.sk\/de\/wp-content\/uploads\/sites\/2\/2022\/08\/ok.svg\" alt=\"OK\" class=\"wp-image-122 fy-content__image fy-lazy js-lazy\" data-src=\"https:\/\/www.goltech.sk\/de\/wp-content\/uploads\/sites\/2\/2022\/08\/ok.svg\"><div class=\"fy-image-loading fy-image-loading--skeleton\" aria-hidden=\"true\"><\/div>\n<\/figure>\n\n\n\n<p class=\"has-text-align-center is-style-subtitle\">Loyalit\u00e4t<\/p>\n<\/div>\n\n\n\n<div class=\"wp-block-column is-layout-flow\">\n<figure class=\"wp-block-image aligncenter size-full\"><img decoding=\"async\" src=\"https:\/\/www.goltech.sk\/de\/wp-content\/uploads\/sites\/2\/2022\/08\/ok.svg\" alt=\"OK\" class=\"wp-image-122 fy-content__image fy-lazy js-lazy\" data-src=\"https:\/\/www.goltech.sk\/de\/wp-content\/uploads\/sites\/2\/2022\/08\/ok.svg\"><div class=\"fy-image-loading fy-image-loading--skeleton\" aria-hidden=\"true\"><\/div>\n<\/figure>\n\n\n\n<p class=\"has-text-align-center is-style-subtitle\">Ergebenheit<\/p>\n<\/div>\n\n\n\n<div class=\"wp-block-column is-layout-flow\">\n<figure class=\"wp-block-image aligncenter size-full\"><img decoding=\"async\" src=\"https:\/\/www.goltech.sk\/de\/wp-content\/uploads\/sites\/2\/2022\/08\/ok.svg\" alt=\"OK\" class=\"wp-image-122 fy-content__image fy-lazy js-lazy\" data-src=\"https:\/\/www.goltech.sk\/de\/wp-content\/uploads\/sites\/2\/2022\/08\/ok.svg\"><div class=\"fy-image-loading fy-image-loading--skeleton\" aria-hidden=\"true\"><\/div>\n<\/figure>\n\n\n\n<p class=\"has-text-align-center is-style-subtitle\">Fairness<\/p>\n<\/div>\n<\/div>\n\n\n\n<div class=\"wp-block-cover alignfull\"><span aria-hidden=\"true\" class=\"wp-block-cover__background has-cnt-background-color has-background-dim-90 has-background-dim\"><\/span><img decoding=\"async\" width=\"1919\" height=\"1279\" class=\"wp-block-cover__image-background wp-image-123 fy-content__image fy-lazy js-lazy\" alt=\"Business\" src=\"data:image\/svg+xml,%3Csvg%20width%3D%221919%22%20height%3D%221279%22%20xmlns%3D%22http:\/\/www.w3.org\/2000\/svg%22%20viewBox%3D%220%200%201919%201279%22%3E%3C\/svg%3E\" data-object-fit=\"cover\" data-src=\"https:\/\/www.goltech.sk\/de\/wp-content\/uploads\/sites\/2\/2022\/08\/business.jpg\" data-srcset=\"https:\/\/www.goltech.sk\/de\/wp-content\/uploads\/sites\/2\/2022\/08\/business.jpg 1919w, https:\/\/www.goltech.sk\/de\/wp-content\/uploads\/sites\/2\/2022\/08\/business-300x200.jpg 300w, https:\/\/www.goltech.sk\/de\/wp-content\/uploads\/sites\/2\/2022\/08\/business-1024x682.jpg 1024w, https:\/\/www.goltech.sk\/de\/wp-content\/uploads\/sites\/2\/2022\/08\/business-768x512.jpg 768w, https:\/\/www.goltech.sk\/de\/wp-content\/uploads\/sites\/2\/2022\/08\/business-1536x1024.jpg 1536w\" data-sizes=\"(max-width: 1919px) 100vw, 1919px\"><div class=\"fy-image-loading fy-image-loading--skeleton\" aria-hidden=\"true\"><\/div>\n<div class=\"wp-block-cover__inner-container\">\n<div class=\"wp-block-group is-style-decoration__dots--center is-layout-flow\">\n<h2 class=\"has-text-align-center is-style-large wp-block-heading\">Wodurch<br>kennzeichnen wir uns?<\/h2>\n\n\n\n<div class=\"wp-block-group has-background is-layout-flow\" style=\"border-radius:5px;background:linear-gradient(0deg,rgb(5,76,122) 0%,rgb(17,166,222) 100%)\">\n<div class=\"wp-block-columns is-layout-flex wp-container-15\">\n<div class=\"wp-block-column is-layout-flow\">\n<figure class=\"wp-block-image aligncenter size-full\"><img decoding=\"async\" src=\"https:\/\/www.goltech.sk\/de\/wp-content\/uploads\/sites\/2\/2022\/08\/tim.svg\" alt=\"T\u00edm\" class=\"wp-image-129 fy-content__image fy-lazy js-lazy\" data-src=\"https:\/\/www.goltech.sk\/de\/wp-content\/uploads\/sites\/2\/2022\/08\/tim.svg\"><div class=\"fy-image-loading fy-image-loading--skeleton\" aria-hidden=\"true\"><\/div>\n<\/figure>\n\n\n\n<p class=\"has-text-align-center is-style-subtitle\">Wir verf\u00fcgen \u00fcber expertenteams<\/p>\n<\/div>\n\n\n\n<div class=\"wp-block-column is-layout-flow\">\n<figure class=\"wp-block-image aligncenter size-full\"><img decoding=\"async\" src=\"https:\/\/www.goltech.sk\/de\/wp-content\/uploads\/sites\/2\/2022\/08\/pristup.svg\" alt=\"Pr\u00edstup\" class=\"wp-image-127 fy-content__image fy-lazy js-lazy\" data-src=\"https:\/\/www.goltech.sk\/de\/wp-content\/uploads\/sites\/2\/2022\/08\/pristup.svg\"><div class=\"fy-image-loading fy-image-loading--skeleton\" aria-hidden=\"true\"><\/div>\n<\/figure>\n\n\n\n<p class=\"has-text-align-center is-style-subtitle\">Wir bieten einen proaktiven ansatz an<\/p>\n<\/div>\n\n\n\n<div class=\"wp-block-column is-layout-flow\">\n<figure class=\"wp-block-image aligncenter size-full\"><img decoding=\"async\" src=\"https:\/\/www.goltech.sk\/de\/wp-content\/uploads\/sites\/2\/2022\/08\/poziadavky.svg\" alt=\"Po\u017eiadavky\" class=\"wp-image-126 fy-content__image fy-lazy js-lazy\" data-src=\"https:\/\/www.goltech.sk\/de\/wp-content\/uploads\/sites\/2\/2022\/08\/poziadavky.svg\"><div class=\"fy-image-loading fy-image-loading--skeleton\" aria-hidden=\"true\"><\/div>\n<\/figure>\n\n\n\n<p class=\"has-text-align-center is-style-subtitle\">Wir kommen allen anforderungen nach<\/p>\n<\/div>\n\n\n\n<div class=\"wp-block-column is-layout-flow\">\n<figure class=\"wp-block-image aligncenter size-full\"><img decoding=\"async\" src=\"https:\/\/www.goltech.sk\/de\/wp-content\/uploads\/sites\/2\/2022\/08\/spolupraca.svg\" alt=\"Spolupr\u00e1ca\" class=\"wp-image-128 fy-content__image fy-lazy js-lazy\" data-src=\"https:\/\/www.goltech.sk\/de\/wp-content\/uploads\/sites\/2\/2022\/08\/spolupraca.svg\"><div class=\"fy-image-loading fy-image-loading--skeleton\" aria-hidden=\"true\"><\/div>\n<\/figure>\n\n\n\n<p class=\"has-text-align-center is-style-subtitle\">Wir beginnen die zusammenarbeit schnell und einfach<\/p>\n<\/div>\n<\/div>\n<\/div>\n<\/div>\n<\/div><\/div>\n\n\n\n<div class=\"wp-block-cover alignfull is-light\"><span aria-hidden=\"true\" class=\"wp-block-cover__background has-white-background-color has-background-dim-0 has-background-dim\"><\/span><img decoding=\"async\" width=\"1920\" height=\"824\" class=\"wp-block-cover__image-background wp-image-133 fy-content__image fy-lazy js-lazy\" alt=\"Meeting\" src=\"data:image\/svg+xml,%3Csvg%20width%3D%221920%22%20height%3D%22824%22%20xmlns%3D%22http:\/\/www.w3.org\/2000\/svg%22%20viewBox%3D%220%200%201920%20824%22%3E%3C\/svg%3E\" style=\"object-position:25% 50%\" data-object-fit=\"cover\" data-object-position=\"25% 50%\" data-src=\"https:\/\/www.goltech.sk\/de\/wp-content\/uploads\/sites\/2\/2022\/08\/meeting.jpg\" data-srcset=\"https:\/\/www.goltech.sk\/de\/wp-content\/uploads\/sites\/2\/2022\/08\/meeting.jpg 1920w, https:\/\/www.goltech.sk\/de\/wp-content\/uploads\/sites\/2\/2022\/08\/meeting-300x129.jpg 300w, https:\/\/www.goltech.sk\/de\/wp-content\/uploads\/sites\/2\/2022\/08\/meeting-1024x439.jpg 1024w, https:\/\/www.goltech.sk\/de\/wp-content\/uploads\/sites\/2\/2022\/08\/meeting-768x330.jpg 768w, https:\/\/www.goltech.sk\/de\/wp-content\/uploads\/sites\/2\/2022\/08\/meeting-1536x659.jpg 1536w\" data-sizes=\"(max-width: 1920px) 100vw, 1920px\"><div class=\"fy-image-loading fy-image-loading--skeleton\" aria-hidden=\"true\"><\/div>\n<div class=\"wp-block-cover__inner-container\">\n<div class=\"wp-block-columns is-layout-flex wp-container-22\">\n<div class=\"wp-block-column is-layout-flow\">\n<div class=\"wp-block-group is-style-decoration__dots--left is-layout-flow\">\n<h2 class=\"is-style-large has-cnt-color has-text-color wp-block-heading\">Leidenschaft ist die beste motivation<\/h2>\n\n\n\n<p class=\"has-cnt-color has-text-color\">Wir stellen jeden Tag neue Mitarbeiter ein und erweitern unsere Expertenteams. Die kontinuierliche Aus- und Weiterbildung unserer Mitarbeiter, die \u00dcbertragung von Verantwortung und die Arbeit in einer einheitlichen Hierarchie unterst\u00fctzen deren Leidenschaft f\u00fcr die Durchf\u00fchrung von anspruchsvollen Projekten. Sie sind es also, die f\u00fcr den Erfolg Ihres Projekts verantwortlich sind.<\/p>\n\n\n\n<div class=\"wp-block-buttons is-layout-flex\">\n<div class=\"wp-block-button\"><a class=\"wp-block-button__link has-cnt-hl-background-color has-background wp-element-button\" href=\"https:\/\/www.goltech.sk\/de\/kontakt\/\">Ich m\u00f6chte mit Ihnen zusammenarbeiten<\/a><\/div>\n<\/div>\n<\/div>\n<\/div>\n\n\n\n<div class=\"wp-block-column is-layout-flow\"><\/div>\n<\/div>\n<\/div><\/div>\n","protected":false},"excerpt":{"rendered":"<p>Wir liefern Ihnen Profis F\u00fcr die Durchf\u00fchrung Ihrer Projekte Wir sind ein Unternehmen, das seine Beziehungen auf einem soliden Fundament &#8230;<\/p>\n","protected":false},"author":1,"featured_media":0,"parent":0,"menu_order":20,"comment_status":"closed","ping_status":"closed","template":"template-about.php","meta":{"_seopress_robots_primary_cat":"","powered_cache_disable_cache":false,"powered_cache_disable_css_optimization":false,"powered_cache_disable_js_optimization":false},"_links":{"self":[{"href":"https:\/\/www.goltech.sk\/de\/wp-json\/wp\/v2\/pages\/97"}],"collection":[{"href":"https:\/\/www.goltech.sk\/de\/wp-json\/wp\/v2\/pages"}],"about":[{"href":"https:\/\/www.goltech.sk\/de\/wp-json\/wp\/v2\/types\/page"}],"author":[{"embeddable":true,"href":"https:\/\/www.goltech.sk\/de\/wp-json\/wp\/v2\/users\/1"}],"replies":[{"embeddable":true,"href":"https:\/\/www.goltech.sk\/de\/wp-json\/wp\/v2\/comments?post=97"}],"version-history":[{"count":4,"href":"https:\/\/www.goltech.sk\/de\/wp-json\/wp\/v2\/pages\/97\/revisions"}],"predecessor-version":[{"id":198,"href":"https:\/\/www.goltech.sk\/de\/wp-json\/wp\/v2\/pages\/97\/revisions\/198"}],"wp:attachment":[{"href":"https:\/\/www.goltech.sk\/de\/wp-json\/wp\/v2\/media?parent=97"}],"curies":[{"name":"wp","href":"https:\/\/api.w.org\/{rel}","templated":true}]}}