{"id":12,"date":"2022-08-11T04:19:42","date_gmt":"2022-08-11T02:19:42","guid":{"rendered":"https:\/\/www.goltech.sk\/en\/?page_id=12"},"modified":"2025-02-27T15:46:20","modified_gmt":"2025-02-27T14:46:20","slug":"contact","status":"publish","type":"page","link":"https:\/\/www.goltech.sk\/en\/contact\/","title":{"rendered":"Contact"},"content":{"rendered":"\n<div style=\"height:80px\" aria-hidden=\"true\" class=\"wp-block-spacer\"><\/div>\n\n\n\n<div class=\"wp-block-columns is-layout-flex wp-container-4\">\n<div class=\"wp-block-column is-layout-flow\" style=\"flex-basis:30%\">\n<div class=\"wp-block-group is-style-decoration__dots--left is-layout-flow\">\n<h2 class=\"wp-block-heading\">Nov\u00e9 Z\u00e1mky<br>Branch<\/h2>\n\n\n\n<p><a href=\"mailto:info@goltech.sk\">info@goltech.sk<\/a><br><a href=\"tel:+421948894514\">+421 948 894 514<\/a><br><em>Mon-Fri: 8 AM &#8211; 4 PM<\/em><\/p>\n<\/div>\n\n\n\n<p><strong>Goltech s.r.o.<\/strong><br>Svornosti 70<br>940 02 Nov\u00e9 Z\u00e1mky<br>Slovakia<\/p>\n<\/div>\n\n\n\n<div class=\"wp-block-column is-layout-flow\">\n<iframe src=\"https:\/\/storage.googleapis.com\/maps-solutions-72o80jcvfz\/locator-plus\/i5rv\/locator-plus.html\"\n  width=\"100%\" height=\"100%\"\n  style=\"border:0;\"\n  loading=\"lazy\">\n<\/iframe>\n<\/div>\n<\/div>\n\n\n\n<div class=\"wp-block-columns is-layout-flex wp-container-8\">\n<div class=\"wp-block-column is-layout-flow\" style=\"flex-basis:30%\">\n<div class=\"wp-block-group is-style-decoration__dots--left is-layout-flow\">\n<h2 class=\"wp-block-heading\">Billing <br>information<\/h2>\n<\/div>\n\n\n\n<p><strong>Goltech s.r.o.<\/strong><br>\u00dazka 271\/19<br>941 48 Podh\u00e1jska<br>Slovakia<\/p>\n\n\n\n<p>ID number: 51 748 444<br>VAT number: SK2120780024<\/p>\n<\/div>\n\n\n\n<div class=\"wp-block-column is-layout-flow\">\n<figure class=\"wp-block-image size-large\"><img decoding=\"async\" width=\"1024\" height=\"768\" src=\"data:image\/svg+xml,%3Csvg%20width%3D%221024%22%20height%3D%22768%22%20xmlns%3D%22http:\/\/www.w3.org\/2000\/svg%22%20viewBox%3D%220%200%201024%20768%22%3E%3C\/svg%3E\" alt class=\"wp-image-266 fy-content__image fy-lazy js-lazy\" data-src=\"https:\/\/www.goltech.sk\/en\/wp-content\/uploads\/sites\/3\/2024\/06\/Foto-goltech-svornosti-1-1-1024x768.jpg\" data-srcset=\"https:\/\/www.goltech.sk\/en\/wp-content\/uploads\/sites\/3\/2024\/06\/Foto-goltech-svornosti-1-1-1024x768.jpg 1024w, https:\/\/www.goltech.sk\/en\/wp-content\/uploads\/sites\/3\/2024\/06\/Foto-goltech-svornosti-1-1-300x225.jpg 300w, https:\/\/www.goltech.sk\/en\/wp-content\/uploads\/sites\/3\/2024\/06\/Foto-goltech-svornosti-1-1-768x576.jpg 768w, https:\/\/www.goltech.sk\/en\/wp-content\/uploads\/sites\/3\/2024\/06\/Foto-goltech-svornosti-1-1-1536x1152.jpg 1536w, https:\/\/www.goltech.sk\/en\/wp-content\/uploads\/sites\/3\/2024\/06\/Foto-goltech-svornosti-1-1-2048x1536.jpg 2048w, https:\/\/www.goltech.sk\/en\/wp-content\/uploads\/sites\/3\/2024\/06\/Foto-goltech-svornosti-1-1-800x600.jpg 800w, https:\/\/www.goltech.sk\/en\/wp-content\/uploads\/sites\/3\/2024\/06\/Foto-goltech-svornosti-1-1-1280x960.jpg 1280w, https:\/\/www.goltech.sk\/en\/wp-content\/uploads\/sites\/3\/2024\/06\/Foto-goltech-svornosti-1-1-1920x1440.jpg 1920w\" data-sizes=\"(max-width: 1024px) 100vw, 1024px\"><div class=\"fy-image-loading fy-image-loading--skeleton\" aria-hidden=\"true\"><\/div>\n<\/figure>\n<\/div>\n<\/div>\n\n\n\n<div class=\"wp-block-cover alignfull\"><span aria-hidden=\"true\" class=\"wp-block-cover__background has-background-dim-0 has-background-dim\"><\/span><img decoding=\"async\" width=\"1920\" height=\"805\" class=\"wp-block-cover__image-background wp-image-50 fy-content__image fy-lazy js-lazy\" alt=\"Goltech\" src=\"data:image\/svg+xml,%3Csvg%20width%3D%221920%22%20height%3D%22805%22%20xmlns%3D%22http:\/\/www.w3.org\/2000\/svg%22%20viewBox%3D%220%200%201920%20805%22%3E%3C\/svg%3E\" data-object-fit=\"cover\" data-src=\"https:\/\/www.goltech.sk\/en\/wp-content\/uploads\/sites\/3\/2022\/08\/goltech.jpg\" data-srcset=\"https:\/\/www.goltech.sk\/en\/wp-content\/uploads\/sites\/3\/2022\/08\/goltech.jpg 1920w, https:\/\/www.goltech.sk\/en\/wp-content\/uploads\/sites\/3\/2022\/08\/goltech-300x126.jpg 300w, https:\/\/www.goltech.sk\/en\/wp-content\/uploads\/sites\/3\/2022\/08\/goltech-1024x429.jpg 1024w, https:\/\/www.goltech.sk\/en\/wp-content\/uploads\/sites\/3\/2022\/08\/goltech-768x322.jpg 768w, https:\/\/www.goltech.sk\/en\/wp-content\/uploads\/sites\/3\/2022\/08\/goltech-1536x644.jpg 1536w\" data-sizes=\"(max-width: 1920px) 100vw, 1920px\"><div class=\"fy-image-loading fy-image-loading--skeleton\" aria-hidden=\"true\"><\/div>\n<div class=\"wp-block-cover__inner-container\">\n<div class=\"wp-block-columns are-vertically-aligned-bottom is-layout-flex wp-container-14\">\n<div class=\"wp-block-column is-vertically-aligned-bottom is-layout-flow\">\n<div class=\"wp-block-group is-style-decorated is-style-decoration__dots is-layout-flow\">\n<p class=\"is-style-subtitle\">About<\/p>\n\n\n\n<h2 class=\"is-style-large wp-block-heading\">Goltech<\/h2>\n\n\n\n<p>We are an up-and-comer with several years of experience in German-speaking countries. Our main job is to subcontract experts for various industries. Our experts played a key role in a large number of construction projects throughout Germany. We always enjoyed positive feedback.<\/p>\n<\/div>\n\n\n\n<div class=\"wp-block-buttons is-layout-flex\">\n<div class=\"wp-block-button\"><a class=\"wp-block-button__link\" href=\"https:\/\/www.goltech.sk\/en\/services\/\">Find out more<\/a><\/div>\n\n\n\n<div class=\"wp-block-button\"><a class=\"wp-block-button__link has-cnt-hl-background-color has-background\" href=\"https:\/\/www.goltech.sk\/en\/contact\/\">Contact us<\/a><\/div>\n<\/div>\n<\/div>\n\n\n\n<div class=\"wp-block-column is-vertically-aligned-bottom is-layout-flow\">\n<div class=\"wp-block-group is-style-important--rounded is-layout-flow\">\n<h3 class=\"has-text-align-center wp-block-heading\">Rich<br>experience<\/h3>\n<\/div>\n<\/div>\n<\/div>\n<\/div><\/div>\n","protected":false},"excerpt":{"rendered":"<p>Nov\u00e9 Z\u00e1mkyBranch info@goltech.sk+421 948 894 514Mon-Fri: 8 AM &#8211; 4 PM Goltech s.r.o.Svornosti 70940 02 Nov\u00e9 Z\u00e1mkySlovakia Billing information Goltech &#8230;<\/p>\n","protected":false},"author":1,"featured_media":116,"parent":0,"menu_order":60,"comment_status":"closed","ping_status":"closed","template":"template-contact.php","meta":{"_seopress_robots_primary_cat":"","powered_cache_disable_cache":false,"powered_cache_disable_css_optimization":false,"powered_cache_disable_js_optimization":false},"_links":{"self":[{"href":"https:\/\/www.goltech.sk\/en\/wp-json\/wp\/v2\/pages\/12"}],"collection":[{"href":"https:\/\/www.goltech.sk\/en\/wp-json\/wp\/v2\/pages"}],"about":[{"href":"https:\/\/www.goltech.sk\/en\/wp-json\/wp\/v2\/types\/page"}],"author":[{"embeddable":true,"href":"https:\/\/www.goltech.sk\/en\/wp-json\/wp\/v2\/users\/1"}],"replies":[{"embeddable":true,"href":"https:\/\/www.goltech.sk\/en\/wp-json\/wp\/v2\/comments?post=12"}],"version-history":[{"count":14,"href":"https:\/\/www.goltech.sk\/en\/wp-json\/wp\/v2\/pages\/12\/revisions"}],"predecessor-version":[{"id":276,"href":"https:\/\/www.goltech.sk\/en\/wp-json\/wp\/v2\/pages\/12\/revisions\/276"}],"wp:featuredmedia":[{"embeddable":true,"href":"https:\/\/www.goltech.sk\/en\/wp-json\/wp\/v2\/media\/116"}],"wp:attachment":[{"href":"https:\/\/www.goltech.sk\/en\/wp-json\/wp\/v2\/media?parent=12"}],"curies":[{"name":"wp","href":"https:\/\/api.w.org\/{rel}","templated":true}]}}